{"id":14836,"date":"2022-07-19T13:45:34","date_gmt":"2022-07-19T11:45:34","guid":{"rendered":"http:\/\/mertensvloerenbe.webhosting.be\/freie-stellen\/"},"modified":"2023-01-11T12:10:49","modified_gmt":"2023-01-11T11:10:49","slug":"freie-stellen","status":"publish","type":"page","link":"https:\/\/mertensvloeren.be\/de\/freie-stellen\/","title":{"rendered":"Freie Stellen"},"content":{"rendered":"\t\t<div data-elementor-type=\"wp-page\" data-elementor-id=\"14836\" class=\"elementor elementor-14836 elementor-12611\" data-elementor-post-type=\"page\">\n\t\t\t\t\t\t<section class=\"elementor-section elementor-top-section elementor-element elementor-element-cac31c8 elementor-section-boxed elementor-section-height-default elementor-section-height-default\" data-id=\"cac31c8\" data-element_type=\"section\" data-e-type=\"section\" data-settings=\"{&quot;background_background&quot;:&quot;classic&quot;}\">\n\t\t\t\t\t\t<div class=\"elementor-container elementor-column-gap-default\">\n\t\t\t\t\t<div class=\"elementor-column elementor-col-100 elementor-top-column elementor-element elementor-element-72ba966\" data-id=\"72ba966\" data-element_type=\"column\" data-e-type=\"column\" data-settings=\"{&quot;background_background&quot;:&quot;classic&quot;}\">\n\t\t\t<div class=\"elementor-widget-wrap elementor-element-populated\">\n\t\t\t\t\t\t<div class=\"elementor-element elementor-element-d26a5ed elementor-widget elementor-widget-heading\" data-id=\"d26a5ed\" data-element_type=\"widget\" data-e-type=\"widget\" data-settings=\"{&quot;_animation&quot;:&quot;none&quot;}\" data-widget_type=\"heading.default\">\n\t\t\t\t<div class=\"elementor-widget-container\">\n\t\t\t\t\t<h1 class=\"elementor-heading-title elementor-size-default\">Freie Stellen<\/h1>\t\t\t\t<\/div>\n\t\t\t\t<\/div>\n\t\t\t\t\t<\/div>\n\t\t<\/div>\n\t\t\t\t\t<\/div>\n\t\t<\/section>\n\t\t\t\t<section class=\"elementor-section elementor-top-section elementor-element elementor-element-35b48c13 elementor-section-boxed elementor-section-height-default elementor-section-height-default\" data-id=\"35b48c13\" data-element_type=\"section\" data-e-type=\"section\">\n\t\t\t\t\t\t<div class=\"elementor-container elementor-column-gap-default\">\n\t\t\t\t\t<div class=\"elementor-column elementor-col-50 elementor-top-column elementor-element elementor-element-5f0261d7\" data-id=\"5f0261d7\" data-element_type=\"column\" data-e-type=\"column\">\n\t\t\t<div class=\"elementor-widget-wrap elementor-element-populated\">\n\t\t\t\t\t\t<div class=\"elementor-element elementor-element-257b1e0 elementor-widget elementor-widget-heading\" data-id=\"257b1e0\" data-element_type=\"widget\" data-e-type=\"widget\" data-widget_type=\"heading.default\">\n\t\t\t\t<div class=\"elementor-widget-container\">\n\t\t\t\t\t<h2 class=\"elementor-heading-title elementor-size-default\">Offene Stellen\n<\/h2>\t\t\t\t<\/div>\n\t\t\t\t<\/div>\n\t\t\t\t\t<\/div>\n\t\t<\/div>\n\t\t\t\t<div class=\"elementor-column elementor-col-50 elementor-top-column elementor-element elementor-element-7ec6289a\" data-id=\"7ec6289a\" data-element_type=\"column\" data-e-type=\"column\">\n\t\t\t<div class=\"elementor-widget-wrap elementor-element-populated\">\n\t\t\t\t\t\t<div class=\"elementor-element elementor-element-775603d7 elementor-widget elementor-widget-accordion\" data-id=\"775603d7\" data-element_type=\"widget\" data-e-type=\"widget\" data-widget_type=\"accordion.default\">\n\t\t\t\t<div class=\"elementor-widget-container\">\n\t\t\t\t\t\t\t<div class=\"elementor-accordion\">\n\t\t\t\t\t\t\t<div class=\"elementor-accordion-item\">\n\t\t\t\t\t<div id=\"elementor-tab-title-2001\" class=\"elementor-tab-title\" data-tab=\"1\" role=\"button\" aria-controls=\"elementor-tab-content-2001\" aria-expanded=\"false\">\n\t\t\t\t\t\t\t\t\t\t\t\t\t<span class=\"elementor-accordion-icon elementor-accordion-icon-right\" aria-hidden=\"true\">\n\t\t\t\t\t\t\t\t\t\t\t\t\t\t\t<span class=\"elementor-accordion-icon-closed\"><i class=\"fas fa-chevron-down\"><\/i><\/span>\n\t\t\t\t\t\t\t\t<span class=\"elementor-accordion-icon-opened\"><i class=\"fas fa-chevron-up\"><\/i><\/span>\n\t\t\t\t\t\t\t\t\t\t\t\t\t\t<\/span>\n\t\t\t\t\t\t\t\t\t\t\t\t<a class=\"elementor-accordion-title\" tabindex=\"0\">Spontane Bewerbung<\/a>\n\t\t\t\t\t<\/div>\n\t\t\t\t\t<div id=\"elementor-tab-content-2001\" class=\"elementor-tab-content elementor-clearfix\" data-tab=\"1\" role=\"region\" aria-labelledby=\"elementor-tab-title-2001\"><p>Haben Sie Talente, mit denen Sie Mertens Vloeren einen Mehrwert bieten k\u00f6nnen? M\u00f6chten Sie beweisen, dass Sie in unserem Team mitarbeiten k\u00f6nnen? M\u00f6chten Sie Teil eines effizienten Teams sein, das Spa\u00df an Dynamik hat?<\/p>\n<p>Senden Sie Ihren Lebenslauf und Ihr Anschreiben spontan ein. Wir freuen uns darauf zu sehen, was wir f\u00fcreinander tun k\u00f6nnen.<\/p>\n<\/div>\n\t\t\t\t<\/div>\n\t\t\t\t\t\t\t\t<\/div>\n\t\t\t\t\t\t<\/div>\n\t\t\t\t<\/div>\n\t\t\t\t\t<\/div>\n\t\t<\/div>\n\t\t\t\t\t<\/div>\n\t\t<\/section>\n\t\t\t\t<\/div>\n\t\t","protected":false},"excerpt":{"rendered":"<p>Freie Stellen Offene Stellen Spontane Bewerbung Haben Sie Talente, mit denen Sie Mertens Vloeren einen Mehrwert bieten k\u00f6nnen? M\u00f6chten Sie beweisen, dass Sie in unserem Team mitarbeiten k\u00f6nnen? M\u00f6chten Sie Teil eines effizienten Teams sein, das Spa\u00df an Dynamik hat? Senden Sie Ihren Lebenslauf und Ihr Anschreiben spontan ein. Wir freuen uns darauf zu sehen, [&hellip;]<\/p>\n","protected":false},"author":1,"featured_media":0,"parent":0,"menu_order":0,"comment_status":"closed","ping_status":"closed","template":"","meta":{"footnotes":""},"class_list":["post-14836","page","type-page","status-publish","hentry"],"yoast_head":"<!-- This site is optimized with the Yoast SEO plugin v27.4 - https:\/\/yoast.com\/product\/yoast-seo-wordpress\/ -->\n<title>Freie Stellen - Mertens Vloeren<\/title>\n<meta name=\"description\" content=\"Sie suchen eine anspruchsvolle Aufgabe in einem coolen Team? Informieren Sie sich hier \u00fcber unsere offenen Stellen! Werden Sie unser Team verst\u00e4rken?\" \/>\n<meta name=\"robots\" content=\"index, follow, max-snippet:-1, max-image-preview:large, max-video-preview:-1\" \/>\n<link rel=\"canonical\" href=\"https:\/\/mertensvloeren.be\/de\/freie-stellen\/\" \/>\n<meta property=\"og:locale\" content=\"de_DE\" \/>\n<meta property=\"og:type\" content=\"article\" \/>\n<meta property=\"og:title\" content=\"Freie Stellen - Mertens Vloeren\" \/>\n<meta property=\"og:description\" content=\"Sie suchen eine anspruchsvolle Aufgabe in einem coolen Team? Informieren Sie sich hier \u00fcber unsere offenen Stellen! Werden Sie unser Team verst\u00e4rken?\" \/>\n<meta property=\"og:url\" content=\"https:\/\/mertensvloeren.be\/de\/freie-stellen\/\" \/>\n<meta property=\"og:site_name\" content=\"Mertens Vloeren\" \/>\n<meta property=\"article:modified_time\" content=\"2023-01-11T11:10:49+00:00\" \/>\n<meta name=\"twitter:card\" content=\"summary_large_image\" \/>\n<script type=\"application\/ld+json\" class=\"yoast-schema-graph\">{\"@context\":\"https:\\\/\\\/schema.org\",\"@graph\":[{\"@type\":\"WebPage\",\"@id\":\"https:\\\/\\\/mertensvloeren.be\\\/de\\\/freie-stellen\\\/\",\"url\":\"https:\\\/\\\/mertensvloeren.be\\\/de\\\/freie-stellen\\\/\",\"name\":\"Freie Stellen - Mertens Vloeren\",\"isPartOf\":{\"@id\":\"https:\\\/\\\/mertensvloeren.be\\\/de\\\/#website\"},\"datePublished\":\"2022-07-19T11:45:34+00:00\",\"dateModified\":\"2023-01-11T11:10:49+00:00\",\"description\":\"Sie suchen eine anspruchsvolle Aufgabe in einem coolen Team? Informieren Sie sich hier \u00fcber unsere offenen Stellen! Werden Sie unser Team verst\u00e4rken?\",\"breadcrumb\":{\"@id\":\"https:\\\/\\\/mertensvloeren.be\\\/de\\\/freie-stellen\\\/#breadcrumb\"},\"inLanguage\":\"de\",\"potentialAction\":[{\"@type\":\"ReadAction\",\"target\":[\"https:\\\/\\\/mertensvloeren.be\\\/de\\\/freie-stellen\\\/\"]}]},{\"@type\":\"BreadcrumbList\",\"@id\":\"https:\\\/\\\/mertensvloeren.be\\\/de\\\/freie-stellen\\\/#breadcrumb\",\"itemListElement\":[{\"@type\":\"ListItem\",\"position\":1,\"name\":\"Home\",\"item\":\"https:\\\/\\\/mertensvloeren.be\\\/de\\\/\"},{\"@type\":\"ListItem\",\"position\":2,\"name\":\"Freie Stellen\"}]},{\"@type\":\"WebSite\",\"@id\":\"https:\\\/\\\/mertensvloeren.be\\\/de\\\/#website\",\"url\":\"https:\\\/\\\/mertensvloeren.be\\\/de\\\/\",\"name\":\"Mertens Vloeren\",\"description\":\"\",\"publisher\":{\"@id\":\"https:\\\/\\\/mertensvloeren.be\\\/de\\\/#organization\"},\"potentialAction\":[{\"@type\":\"SearchAction\",\"target\":{\"@type\":\"EntryPoint\",\"urlTemplate\":\"https:\\\/\\\/mertensvloeren.be\\\/de\\\/?s={search_term_string}\"},\"query-input\":{\"@type\":\"PropertyValueSpecification\",\"valueRequired\":true,\"valueName\":\"search_term_string\"}}],\"inLanguage\":\"de\"},{\"@type\":\"Organization\",\"@id\":\"https:\\\/\\\/mertensvloeren.be\\\/de\\\/#organization\",\"name\":\"Mertens Vloeren\",\"url\":\"https:\\\/\\\/mertensvloeren.be\\\/de\\\/\",\"logo\":{\"@type\":\"ImageObject\",\"inLanguage\":\"de\",\"@id\":\"https:\\\/\\\/mertensvloeren.be\\\/de\\\/#\\\/schema\\\/logo\\\/image\\\/\",\"url\":\"https:\\\/\\\/mertensvloeren.be\\\/wp-content\\\/uploads\\\/2022\\\/07\\\/Mertens-Vloeren-Logo.png\",\"contentUrl\":\"https:\\\/\\\/mertensvloeren.be\\\/wp-content\\\/uploads\\\/2022\\\/07\\\/Mertens-Vloeren-Logo.png\",\"width\":800,\"height\":150,\"caption\":\"Mertens Vloeren\"},\"image\":{\"@id\":\"https:\\\/\\\/mertensvloeren.be\\\/de\\\/#\\\/schema\\\/logo\\\/image\\\/\"}}]}<\/script>\n<!-- \/ Yoast SEO plugin. -->","yoast_head_json":{"title":"Freie Stellen - Mertens Vloeren","description":"Sie suchen eine anspruchsvolle Aufgabe in einem coolen Team? Informieren Sie sich hier \u00fcber unsere offenen Stellen! Werden Sie unser Team verst\u00e4rken?","robots":{"index":"index","follow":"follow","max-snippet":"max-snippet:-1","max-image-preview":"max-image-preview:large","max-video-preview":"max-video-preview:-1"},"canonical":"https:\/\/mertensvloeren.be\/de\/freie-stellen\/","og_locale":"de_DE","og_type":"article","og_title":"Freie Stellen - Mertens Vloeren","og_description":"Sie suchen eine anspruchsvolle Aufgabe in einem coolen Team? Informieren Sie sich hier \u00fcber unsere offenen Stellen! Werden Sie unser Team verst\u00e4rken?","og_url":"https:\/\/mertensvloeren.be\/de\/freie-stellen\/","og_site_name":"Mertens Vloeren","article_modified_time":"2023-01-11T11:10:49+00:00","twitter_card":"summary_large_image","schema":{"@context":"https:\/\/schema.org","@graph":[{"@type":"WebPage","@id":"https:\/\/mertensvloeren.be\/de\/freie-stellen\/","url":"https:\/\/mertensvloeren.be\/de\/freie-stellen\/","name":"Freie Stellen - Mertens Vloeren","isPartOf":{"@id":"https:\/\/mertensvloeren.be\/de\/#website"},"datePublished":"2022-07-19T11:45:34+00:00","dateModified":"2023-01-11T11:10:49+00:00","description":"Sie suchen eine anspruchsvolle Aufgabe in einem coolen Team? Informieren Sie sich hier \u00fcber unsere offenen Stellen! Werden Sie unser Team verst\u00e4rken?","breadcrumb":{"@id":"https:\/\/mertensvloeren.be\/de\/freie-stellen\/#breadcrumb"},"inLanguage":"de","potentialAction":[{"@type":"ReadAction","target":["https:\/\/mertensvloeren.be\/de\/freie-stellen\/"]}]},{"@type":"BreadcrumbList","@id":"https:\/\/mertensvloeren.be\/de\/freie-stellen\/#breadcrumb","itemListElement":[{"@type":"ListItem","position":1,"name":"Home","item":"https:\/\/mertensvloeren.be\/de\/"},{"@type":"ListItem","position":2,"name":"Freie Stellen"}]},{"@type":"WebSite","@id":"https:\/\/mertensvloeren.be\/de\/#website","url":"https:\/\/mertensvloeren.be\/de\/","name":"Mertens Vloeren","description":"","publisher":{"@id":"https:\/\/mertensvloeren.be\/de\/#organization"},"potentialAction":[{"@type":"SearchAction","target":{"@type":"EntryPoint","urlTemplate":"https:\/\/mertensvloeren.be\/de\/?s={search_term_string}"},"query-input":{"@type":"PropertyValueSpecification","valueRequired":true,"valueName":"search_term_string"}}],"inLanguage":"de"},{"@type":"Organization","@id":"https:\/\/mertensvloeren.be\/de\/#organization","name":"Mertens Vloeren","url":"https:\/\/mertensvloeren.be\/de\/","logo":{"@type":"ImageObject","inLanguage":"de","@id":"https:\/\/mertensvloeren.be\/de\/#\/schema\/logo\/image\/","url":"https:\/\/mertensvloeren.be\/wp-content\/uploads\/2022\/07\/Mertens-Vloeren-Logo.png","contentUrl":"https:\/\/mertensvloeren.be\/wp-content\/uploads\/2022\/07\/Mertens-Vloeren-Logo.png","width":800,"height":150,"caption":"Mertens Vloeren"},"image":{"@id":"https:\/\/mertensvloeren.be\/de\/#\/schema\/logo\/image\/"}}]}},"_links":{"self":[{"href":"https:\/\/mertensvloeren.be\/de\/wp-json\/wp\/v2\/pages\/14836","targetHints":{"allow":["GET"]}}],"collection":[{"href":"https:\/\/mertensvloeren.be\/de\/wp-json\/wp\/v2\/pages"}],"about":[{"href":"https:\/\/mertensvloeren.be\/de\/wp-json\/wp\/v2\/types\/page"}],"author":[{"embeddable":true,"href":"https:\/\/mertensvloeren.be\/de\/wp-json\/wp\/v2\/users\/1"}],"replies":[{"embeddable":true,"href":"https:\/\/mertensvloeren.be\/de\/wp-json\/wp\/v2\/comments?post=14836"}],"version-history":[{"count":0,"href":"https:\/\/mertensvloeren.be\/de\/wp-json\/wp\/v2\/pages\/14836\/revisions"}],"wp:attachment":[{"href":"https:\/\/mertensvloeren.be\/de\/wp-json\/wp\/v2\/media?parent=14836"}],"curies":[{"name":"wp","href":"https:\/\/api.w.org\/{rel}","templated":true}]}}