{"id":14864,"date":"2022-12-06T09:26:36","date_gmt":"2022-12-06T08:26:36","guid":{"rendered":"http:\/\/mertensvloerenbe.webhosting.be\/product\/lithofin-loesefix\/"},"modified":"2022-12-06T09:26:36","modified_gmt":"2022-12-06T08:26:36","slug":"lithofin-losefix","status":"publish","type":"product","link":"https:\/\/mertensvloeren.be\/de\/produkt\/lithofin-losefix\/","title":{"rendered":"Lithofin L\u00d6SEFIX"},"content":{"rendered":"<div class=\"container\">\n<header class=\"header header--h2 text-left\">\n<h3 class=\"subheadline\">Wachs- und \u00d6lentferner.<\/h3>\n<\/header>\n<\/div>\n<div class=\"container container--mobile margin-bottom--small\">\n<div class=\"productinfo\">\n<div class=\"productinfo__description\">Entfernt Wachsschichten, Beschichtungen, Teer, hartn\u00e4ckige \u00d6l- und Fettflecken, Farb- und Klebstoffreste. Die Schadstoffe werden gel\u00f6st und k\u00f6nnen dann mit Wasser entfernt werden.<\/div>\n<div><\/div>\n<\/div>\n<\/div>\n<div>\n<div class=\"gridelement__column col-12 col-md-6 margin-bottom--medium\">\n<div class=\"textmedia__text\">\n<div class=\"h5\">Produkttyp: Reiniger auf L\u00f6sungsmittelbasis<\/div>\n<ul>\n<li>gebrauchsfertige<\/li>\n<li>mit Tiefenwirkung<\/li>\n<li>vollst\u00e4ndig abwischbar<\/li>\n<\/ul>\n<table class=\"table--simple\">\n<tbody>\n<tr>\n<th>Verbrauch<\/th>\n<td>ca. 5 &#8211; 10 m\u00b2\/L<\/td>\n<\/tr>\n<tr>\n<th>Lagerung<\/th>\n<td>geschlossen, k\u00fchl, trocken, bis zu ca. 4 Jahren<\/td>\n<\/tr>\n<tr>\n<th>Verpackung<\/th>\n<td>1 L, 5 L<\/td>\n<\/tr>\n<\/tbody>\n<\/table>\n<\/div>\n<\/div>\n<\/div>\n","protected":false},"excerpt":{"rendered":"<div class=\"container\">\n<header class=\"header header--h2 text-left\">\n<h3 class=\"subheadline\">Wachs- und \u00d6lentferner.<\/h3>\n<\/header>\n<\/div>\n<div class=\"container container--mobile margin-bottom--small\">\n<div class=\"productinfo\">\n<div class=\"productinfo__description\">Entfernt Wachsschichten, Beschichtungen, Teer, hartn\u00e4ckige \u00d6l- und Fettflecken, Farb- und Klebstoffreste. Die Schadstoffe werden gel\u00f6st und k\u00f6nnen dann mit Wasser entfernt werden.<\/div>\n<div><\/div>\n<\/div>\n<\/div>\n<p><\/p>\n<div>\n<div class=\"gridelement__column col-12 col-md-6 margin-bottom--medium\">\n<div class=\"textmedia__text\">\n<div class=\"h5\">Produkttyp: Reiniger auf L\u00f6sungsmittelbasis<\/div>\n<ul>\n<li>gebrauchsfertige<\/li>\n<li>mit Tiefenwirkung<\/li>\n<li>vollst\u00e4ndig abwischbar<\/li>\n<\/ul>\n<p><\/p>\n<table class=\"table--simple\">\n<tbody>\n<tr>\n<th>Verbrauch<\/th>\n<td>ca. 5 &#8211; 10 m\u00b2\/L<\/td>\n<\/tr>\n<tr>\n<th>Lagerung<\/th>\n<td>geschlossen, k\u00fchl, trocken, bis zu ca. 4 Jahren<\/td>\n<\/tr>\n<tr>\n<th>Verpackung<\/th>\n<td>1 L, 5 L<\/td>\n<\/tr>\n<\/tbody>\n<\/table>\n<\/div>\n<\/div>\n<\/div>\n","protected":false},"featured_media":14444,"template":"","meta":[],"product_brand":[],"product_cat":[202],"product_tag":[],"class_list":{"0":"post-14864","1":"product","2":"type-product","3":"status-publish","4":"has-post-thumbnail","6":"product_cat-universal","8":"first","9":"instock","10":"shipping-taxable","11":"purchasable","12":"product-type-simple"},"yoast_head":"<!-- This site is optimized with the Yoast SEO plugin v27.4 - https:\/\/yoast.com\/product\/yoast-seo-wordpress\/ -->\n<title>Lithofin L\u00d6SEFIX - Mertens Vloeren<\/title>\n<meta name=\"robots\" content=\"index, follow, max-snippet:-1, max-image-preview:large, max-video-preview:-1\" \/>\n<link rel=\"canonical\" href=\"https:\/\/mertensvloeren.be\/de\/produkt\/lithofin-losefix\/\" \/>\n<meta property=\"og:locale\" content=\"de_DE\" \/>\n<meta property=\"og:type\" content=\"article\" \/>\n<meta property=\"og:title\" content=\"Lithofin L\u00d6SEFIX - Mertens Vloeren\" \/>\n<meta property=\"og:description\" content=\"Wachs- und \u00d6lentferner.  Entfernt Wachsschichten, Beschichtungen, Teer, hartn\u00e4ckige \u00d6l- und Fettflecken, Farb- und Klebstoffreste. Die Schadstoffe werden gel\u00f6st und k\u00f6nnen dann mit Wasser entfernt werden.    Produkttyp: Reiniger auf L\u00f6sungsmittelbasis  gebrauchsfertige  mit Tiefenwirkung  vollst\u00e4ndig abwischbar   Verbrauch ca. 5 - 10 m\u00b2\/L  Lagerung geschlossen, k\u00fchl, trocken, bis zu ca. 4 Jahren  Verpackung 1 L, 5 L\" \/>\n<meta property=\"og:url\" content=\"https:\/\/mertensvloeren.be\/de\/produkt\/lithofin-losefix\/\" \/>\n<meta property=\"og:site_name\" content=\"Mertens Vloeren\" \/>\n<meta property=\"og:image\" content=\"https:\/\/mertensvloeren.be\/wp-content\/uploads\/2022\/12\/LOSEFIX.png\" \/>\n\t<meta property=\"og:image:width\" content=\"1191\" \/>\n\t<meta property=\"og:image:height\" content=\"744\" \/>\n\t<meta property=\"og:image:type\" content=\"image\/png\" \/>\n<meta name=\"twitter:card\" content=\"summary_large_image\" \/>\n<script type=\"application\/ld+json\" class=\"yoast-schema-graph\">{\"@context\":\"https:\\\/\\\/schema.org\",\"@graph\":[{\"@type\":\"WebPage\",\"@id\":\"https:\\\/\\\/mertensvloeren.be\\\/de\\\/produkt\\\/lithofin-losefix\\\/\",\"url\":\"https:\\\/\\\/mertensvloeren.be\\\/de\\\/produkt\\\/lithofin-losefix\\\/\",\"name\":\"Lithofin L\u00d6SEFIX - Mertens Vloeren\",\"isPartOf\":{\"@id\":\"https:\\\/\\\/mertensvloeren.be\\\/de\\\/#website\"},\"primaryImageOfPage\":{\"@id\":\"https:\\\/\\\/mertensvloeren.be\\\/de\\\/produkt\\\/lithofin-losefix\\\/#primaryimage\"},\"image\":{\"@id\":\"https:\\\/\\\/mertensvloeren.be\\\/de\\\/produkt\\\/lithofin-losefix\\\/#primaryimage\"},\"thumbnailUrl\":\"https:\\\/\\\/mertensvloeren.be\\\/wp-content\\\/uploads\\\/2022\\\/12\\\/LOSEFIX.png\",\"datePublished\":\"2022-12-06T08:26:36+00:00\",\"breadcrumb\":{\"@id\":\"https:\\\/\\\/mertensvloeren.be\\\/de\\\/produkt\\\/lithofin-losefix\\\/#breadcrumb\"},\"inLanguage\":\"de\",\"potentialAction\":[{\"@type\":\"ReadAction\",\"target\":[\"https:\\\/\\\/mertensvloeren.be\\\/de\\\/produkt\\\/lithofin-losefix\\\/\"]}]},{\"@type\":\"ImageObject\",\"inLanguage\":\"de\",\"@id\":\"https:\\\/\\\/mertensvloeren.be\\\/de\\\/produkt\\\/lithofin-losefix\\\/#primaryimage\",\"url\":\"https:\\\/\\\/mertensvloeren.be\\\/wp-content\\\/uploads\\\/2022\\\/12\\\/LOSEFIX.png\",\"contentUrl\":\"https:\\\/\\\/mertensvloeren.be\\\/wp-content\\\/uploads\\\/2022\\\/12\\\/LOSEFIX.png\",\"width\":1191,\"height\":744},{\"@type\":\"BreadcrumbList\",\"@id\":\"https:\\\/\\\/mertensvloeren.be\\\/de\\\/produkt\\\/lithofin-losefix\\\/#breadcrumb\",\"itemListElement\":[{\"@type\":\"ListItem\",\"position\":1,\"name\":\"Home\",\"item\":\"https:\\\/\\\/mertensvloeren.be\\\/de\\\/\"},{\"@type\":\"ListItem\",\"position\":2,\"name\":\"Shop\",\"item\":\"https:\\\/\\\/mertensvloeren.be\\\/de\\\/shop\\\/\"},{\"@type\":\"ListItem\",\"position\":3,\"name\":\"Lithofin L\u00d6SEFIX\"}]},{\"@type\":\"WebSite\",\"@id\":\"https:\\\/\\\/mertensvloeren.be\\\/de\\\/#website\",\"url\":\"https:\\\/\\\/mertensvloeren.be\\\/de\\\/\",\"name\":\"Mertens Vloeren\",\"description\":\"\",\"publisher\":{\"@id\":\"https:\\\/\\\/mertensvloeren.be\\\/de\\\/#organization\"},\"potentialAction\":[{\"@type\":\"SearchAction\",\"target\":{\"@type\":\"EntryPoint\",\"urlTemplate\":\"https:\\\/\\\/mertensvloeren.be\\\/de\\\/?s={search_term_string}\"},\"query-input\":{\"@type\":\"PropertyValueSpecification\",\"valueRequired\":true,\"valueName\":\"search_term_string\"}}],\"inLanguage\":\"de\"},{\"@type\":\"Organization\",\"@id\":\"https:\\\/\\\/mertensvloeren.be\\\/de\\\/#organization\",\"name\":\"Mertens Vloeren\",\"url\":\"https:\\\/\\\/mertensvloeren.be\\\/de\\\/\",\"logo\":{\"@type\":\"ImageObject\",\"inLanguage\":\"de\",\"@id\":\"https:\\\/\\\/mertensvloeren.be\\\/de\\\/#\\\/schema\\\/logo\\\/image\\\/\",\"url\":\"https:\\\/\\\/mertensvloeren.be\\\/wp-content\\\/uploads\\\/2022\\\/07\\\/Mertens-Vloeren-Logo.png\",\"contentUrl\":\"https:\\\/\\\/mertensvloeren.be\\\/wp-content\\\/uploads\\\/2022\\\/07\\\/Mertens-Vloeren-Logo.png\",\"width\":800,\"height\":150,\"caption\":\"Mertens Vloeren\"},\"image\":{\"@id\":\"https:\\\/\\\/mertensvloeren.be\\\/de\\\/#\\\/schema\\\/logo\\\/image\\\/\"}}]}<\/script>\n<!-- \/ Yoast SEO plugin. -->","yoast_head_json":{"title":"Lithofin L\u00d6SEFIX - Mertens Vloeren","robots":{"index":"index","follow":"follow","max-snippet":"max-snippet:-1","max-image-preview":"max-image-preview:large","max-video-preview":"max-video-preview:-1"},"canonical":"https:\/\/mertensvloeren.be\/de\/produkt\/lithofin-losefix\/","og_locale":"de_DE","og_type":"article","og_title":"Lithofin L\u00d6SEFIX - Mertens Vloeren","og_description":"Wachs- und \u00d6lentferner.  Entfernt Wachsschichten, Beschichtungen, Teer, hartn\u00e4ckige \u00d6l- und Fettflecken, Farb- und Klebstoffreste. Die Schadstoffe werden gel\u00f6st und k\u00f6nnen dann mit Wasser entfernt werden.    Produkttyp: Reiniger auf L\u00f6sungsmittelbasis  gebrauchsfertige  mit Tiefenwirkung  vollst\u00e4ndig abwischbar   Verbrauch ca. 5 - 10 m\u00b2\/L  Lagerung geschlossen, k\u00fchl, trocken, bis zu ca. 4 Jahren  Verpackung 1 L, 5 L","og_url":"https:\/\/mertensvloeren.be\/de\/produkt\/lithofin-losefix\/","og_site_name":"Mertens Vloeren","og_image":[{"width":1191,"height":744,"url":"https:\/\/mertensvloeren.be\/wp-content\/uploads\/2022\/12\/LOSEFIX.png","type":"image\/png"}],"twitter_card":"summary_large_image","schema":{"@context":"https:\/\/schema.org","@graph":[{"@type":"WebPage","@id":"https:\/\/mertensvloeren.be\/de\/produkt\/lithofin-losefix\/","url":"https:\/\/mertensvloeren.be\/de\/produkt\/lithofin-losefix\/","name":"Lithofin L\u00d6SEFIX - Mertens Vloeren","isPartOf":{"@id":"https:\/\/mertensvloeren.be\/de\/#website"},"primaryImageOfPage":{"@id":"https:\/\/mertensvloeren.be\/de\/produkt\/lithofin-losefix\/#primaryimage"},"image":{"@id":"https:\/\/mertensvloeren.be\/de\/produkt\/lithofin-losefix\/#primaryimage"},"thumbnailUrl":"https:\/\/mertensvloeren.be\/wp-content\/uploads\/2022\/12\/LOSEFIX.png","datePublished":"2022-12-06T08:26:36+00:00","breadcrumb":{"@id":"https:\/\/mertensvloeren.be\/de\/produkt\/lithofin-losefix\/#breadcrumb"},"inLanguage":"de","potentialAction":[{"@type":"ReadAction","target":["https:\/\/mertensvloeren.be\/de\/produkt\/lithofin-losefix\/"]}]},{"@type":"ImageObject","inLanguage":"de","@id":"https:\/\/mertensvloeren.be\/de\/produkt\/lithofin-losefix\/#primaryimage","url":"https:\/\/mertensvloeren.be\/wp-content\/uploads\/2022\/12\/LOSEFIX.png","contentUrl":"https:\/\/mertensvloeren.be\/wp-content\/uploads\/2022\/12\/LOSEFIX.png","width":1191,"height":744},{"@type":"BreadcrumbList","@id":"https:\/\/mertensvloeren.be\/de\/produkt\/lithofin-losefix\/#breadcrumb","itemListElement":[{"@type":"ListItem","position":1,"name":"Home","item":"https:\/\/mertensvloeren.be\/de\/"},{"@type":"ListItem","position":2,"name":"Shop","item":"https:\/\/mertensvloeren.be\/de\/shop\/"},{"@type":"ListItem","position":3,"name":"Lithofin L\u00d6SEFIX"}]},{"@type":"WebSite","@id":"https:\/\/mertensvloeren.be\/de\/#website","url":"https:\/\/mertensvloeren.be\/de\/","name":"Mertens Vloeren","description":"","publisher":{"@id":"https:\/\/mertensvloeren.be\/de\/#organization"},"potentialAction":[{"@type":"SearchAction","target":{"@type":"EntryPoint","urlTemplate":"https:\/\/mertensvloeren.be\/de\/?s={search_term_string}"},"query-input":{"@type":"PropertyValueSpecification","valueRequired":true,"valueName":"search_term_string"}}],"inLanguage":"de"},{"@type":"Organization","@id":"https:\/\/mertensvloeren.be\/de\/#organization","name":"Mertens Vloeren","url":"https:\/\/mertensvloeren.be\/de\/","logo":{"@type":"ImageObject","inLanguage":"de","@id":"https:\/\/mertensvloeren.be\/de\/#\/schema\/logo\/image\/","url":"https:\/\/mertensvloeren.be\/wp-content\/uploads\/2022\/07\/Mertens-Vloeren-Logo.png","contentUrl":"https:\/\/mertensvloeren.be\/wp-content\/uploads\/2022\/07\/Mertens-Vloeren-Logo.png","width":800,"height":150,"caption":"Mertens Vloeren"},"image":{"@id":"https:\/\/mertensvloeren.be\/de\/#\/schema\/logo\/image\/"}}]}},"_links":{"self":[{"href":"https:\/\/mertensvloeren.be\/de\/wp-json\/wp\/v2\/product\/14864","targetHints":{"allow":["GET"]}}],"collection":[{"href":"https:\/\/mertensvloeren.be\/de\/wp-json\/wp\/v2\/product"}],"about":[{"href":"https:\/\/mertensvloeren.be\/de\/wp-json\/wp\/v2\/types\/product"}],"wp:featuredmedia":[{"embeddable":true,"href":"https:\/\/mertensvloeren.be\/de\/wp-json\/wp\/v2\/media\/14444"}],"wp:attachment":[{"href":"https:\/\/mertensvloeren.be\/de\/wp-json\/wp\/v2\/media?parent=14864"}],"wp:term":[{"taxonomy":"product_brand","embeddable":true,"href":"https:\/\/mertensvloeren.be\/de\/wp-json\/wp\/v2\/product_brand?post=14864"},{"taxonomy":"product_cat","embeddable":true,"href":"https:\/\/mertensvloeren.be\/de\/wp-json\/wp\/v2\/product_cat?post=14864"},{"taxonomy":"product_tag","embeddable":true,"href":"https:\/\/mertensvloeren.be\/de\/wp-json\/wp\/v2\/product_tag?post=14864"}],"curies":[{"name":"wp","href":"https:\/\/api.w.org\/{rel}","templated":true}]}}