{"id":14939,"date":"2023-01-10T15:31:31","date_gmt":"2023-01-10T14:31:31","guid":{"rendered":"http:\/\/mertensvloerenbe.webhosting.be\/product\/keramisches-parkett-cedro\/"},"modified":"2023-01-10T15:31:31","modified_gmt":"2023-01-10T14:31:31","slug":"keramik-parkett-cedro","status":"publish","type":"product","link":"https:\/\/mertensvloeren.be\/de\/produkt\/keramik-parkett-cedro\/","title":{"rendered":"Keramisches Parkett Cedro"},"content":{"rendered":"","protected":false},"excerpt":{"rendered":"<p><strong>PROMOTIE<\/strong><\/p>\n<p><strong>Jetzt Nettopreis: 29,95 \u20ac \/m\u00b2 INKL. Mehrwertsteuer<\/strong><\/p>\n<p>Keramisches Parkett CEDRO<br \/>\nFormat: 20\/180<br \/>\nDicke: 10 mm<br \/>\nRektifiziert<\/p>\n<p>Keramische Eiche natur mit wenigen \u00c4sten, geeignet f\u00fcr Boden und Wand.<\/p>\n<p>Preis nur g\u00fcltig bei Selbstmontage, Abholung in Balen<\/p>\n","protected":false},"featured_media":14728,"template":"","meta":[],"product_brand":[],"product_cat":[201],"product_tag":[],"class_list":{"0":"post-14939","1":"product","2":"type-product","3":"status-publish","4":"has-post-thumbnail","6":"product_cat-angebote","8":"first","9":"instock","10":"shipping-taxable","11":"purchasable","12":"product-type-simple"},"yoast_head":"<!-- This site is optimized with the Yoast SEO plugin v27.5 - https:\/\/yoast.com\/product\/yoast-seo-wordpress\/ -->\n<title>Keramisches Parkett Cedro - Mertens Vloeren<\/title>\n<meta name=\"robots\" content=\"index, follow, max-snippet:-1, max-image-preview:large, max-video-preview:-1\" \/>\n<link rel=\"canonical\" href=\"https:\/\/mertensvloeren.be\/de\/produkt\/keramik-parkett-cedro\/\" \/>\n<meta property=\"og:locale\" content=\"de_DE\" \/>\n<meta property=\"og:type\" content=\"article\" \/>\n<meta property=\"og:title\" content=\"Keramisches Parkett Cedro - Mertens Vloeren\" \/>\n<meta property=\"og:description\" content=\"PROMOTIE Jetzt Nettopreis: 29,95 \u20ac \/m\u00b2 INKL. Mehrwertsteuer Keramisches Parkett CEDRO Format: 20\/180 Dicke: 10 mm Rektifiziert Keramische Eiche natur mit wenigen \u00c4sten, geeignet f\u00fcr Boden und Wand. Preis nur g\u00fcltig bei Selbstmontage, Abholung in Balen\" \/>\n<meta property=\"og:url\" content=\"https:\/\/mertensvloeren.be\/de\/produkt\/keramik-parkett-cedro\/\" \/>\n<meta property=\"og:site_name\" content=\"Mertens Vloeren\" \/>\n<meta property=\"og:image\" content=\"https:\/\/mertensvloeren.be\/wp-content\/uploads\/2023\/01\/CT9041BI4505_OTAWA20X160_OTAWA_SZ1.jpg-CEDRO-20.120-10.01.22.jpg\" \/>\n\t<meta property=\"og:image:width\" content=\"2000\" \/>\n\t<meta property=\"og:image:height\" content=\"1500\" \/>\n\t<meta property=\"og:image:type\" content=\"image\/jpeg\" \/>\n<meta name=\"twitter:card\" content=\"summary_large_image\" \/>\n<script type=\"application\/ld+json\" class=\"yoast-schema-graph\">{\"@context\":\"https:\\\/\\\/schema.org\",\"@graph\":[{\"@type\":\"WebPage\",\"@id\":\"https:\\\/\\\/mertensvloeren.be\\\/de\\\/produkt\\\/keramik-parkett-cedro\\\/\",\"url\":\"https:\\\/\\\/mertensvloeren.be\\\/de\\\/produkt\\\/keramik-parkett-cedro\\\/\",\"name\":\"Keramisches Parkett Cedro - Mertens Vloeren\",\"isPartOf\":{\"@id\":\"https:\\\/\\\/mertensvloeren.be\\\/de\\\/#website\"},\"primaryImageOfPage\":{\"@id\":\"https:\\\/\\\/mertensvloeren.be\\\/de\\\/produkt\\\/keramik-parkett-cedro\\\/#primaryimage\"},\"image\":{\"@id\":\"https:\\\/\\\/mertensvloeren.be\\\/de\\\/produkt\\\/keramik-parkett-cedro\\\/#primaryimage\"},\"thumbnailUrl\":\"https:\\\/\\\/mertensvloeren.be\\\/wp-content\\\/uploads\\\/2023\\\/01\\\/CT9041BI4505_OTAWA20X160_OTAWA_SZ1.jpg-CEDRO-20.120-10.01.22.jpg\",\"datePublished\":\"2023-01-10T14:31:31+00:00\",\"breadcrumb\":{\"@id\":\"https:\\\/\\\/mertensvloeren.be\\\/de\\\/produkt\\\/keramik-parkett-cedro\\\/#breadcrumb\"},\"inLanguage\":\"de\",\"potentialAction\":[{\"@type\":\"ReadAction\",\"target\":[\"https:\\\/\\\/mertensvloeren.be\\\/de\\\/produkt\\\/keramik-parkett-cedro\\\/\"]}]},{\"@type\":\"ImageObject\",\"inLanguage\":\"de\",\"@id\":\"https:\\\/\\\/mertensvloeren.be\\\/de\\\/produkt\\\/keramik-parkett-cedro\\\/#primaryimage\",\"url\":\"https:\\\/\\\/mertensvloeren.be\\\/wp-content\\\/uploads\\\/2023\\\/01\\\/CT9041BI4505_OTAWA20X160_OTAWA_SZ1.jpg-CEDRO-20.120-10.01.22.jpg\",\"contentUrl\":\"https:\\\/\\\/mertensvloeren.be\\\/wp-content\\\/uploads\\\/2023\\\/01\\\/CT9041BI4505_OTAWA20X160_OTAWA_SZ1.jpg-CEDRO-20.120-10.01.22.jpg\",\"width\":2000,\"height\":1500},{\"@type\":\"BreadcrumbList\",\"@id\":\"https:\\\/\\\/mertensvloeren.be\\\/de\\\/produkt\\\/keramik-parkett-cedro\\\/#breadcrumb\",\"itemListElement\":[{\"@type\":\"ListItem\",\"position\":1,\"name\":\"Home\",\"item\":\"https:\\\/\\\/mertensvloeren.be\\\/de\\\/\"},{\"@type\":\"ListItem\",\"position\":2,\"name\":\"Shop\",\"item\":\"https:\\\/\\\/mertensvloeren.be\\\/de\\\/shop\\\/\"},{\"@type\":\"ListItem\",\"position\":3,\"name\":\"Keramisches Parkett Cedro\"}]},{\"@type\":\"WebSite\",\"@id\":\"https:\\\/\\\/mertensvloeren.be\\\/de\\\/#website\",\"url\":\"https:\\\/\\\/mertensvloeren.be\\\/de\\\/\",\"name\":\"Mertens Vloeren\",\"description\":\"\",\"publisher\":{\"@id\":\"https:\\\/\\\/mertensvloeren.be\\\/de\\\/#organization\"},\"potentialAction\":[{\"@type\":\"SearchAction\",\"target\":{\"@type\":\"EntryPoint\",\"urlTemplate\":\"https:\\\/\\\/mertensvloeren.be\\\/de\\\/?s={search_term_string}\"},\"query-input\":{\"@type\":\"PropertyValueSpecification\",\"valueRequired\":true,\"valueName\":\"search_term_string\"}}],\"inLanguage\":\"de\"},{\"@type\":\"Organization\",\"@id\":\"https:\\\/\\\/mertensvloeren.be\\\/de\\\/#organization\",\"name\":\"Mertens Vloeren\",\"url\":\"https:\\\/\\\/mertensvloeren.be\\\/de\\\/\",\"logo\":{\"@type\":\"ImageObject\",\"inLanguage\":\"de\",\"@id\":\"https:\\\/\\\/mertensvloeren.be\\\/de\\\/#\\\/schema\\\/logo\\\/image\\\/\",\"url\":\"https:\\\/\\\/mertensvloeren.be\\\/wp-content\\\/uploads\\\/2022\\\/07\\\/Mertens-Vloeren-Logo.png\",\"contentUrl\":\"https:\\\/\\\/mertensvloeren.be\\\/wp-content\\\/uploads\\\/2022\\\/07\\\/Mertens-Vloeren-Logo.png\",\"width\":800,\"height\":150,\"caption\":\"Mertens Vloeren\"},\"image\":{\"@id\":\"https:\\\/\\\/mertensvloeren.be\\\/de\\\/#\\\/schema\\\/logo\\\/image\\\/\"}}]}<\/script>\n<!-- \/ Yoast SEO plugin. -->","yoast_head_json":{"title":"Keramisches Parkett Cedro - Mertens Vloeren","robots":{"index":"index","follow":"follow","max-snippet":"max-snippet:-1","max-image-preview":"max-image-preview:large","max-video-preview":"max-video-preview:-1"},"canonical":"https:\/\/mertensvloeren.be\/de\/produkt\/keramik-parkett-cedro\/","og_locale":"de_DE","og_type":"article","og_title":"Keramisches Parkett Cedro - Mertens Vloeren","og_description":"PROMOTIE Jetzt Nettopreis: 29,95 \u20ac \/m\u00b2 INKL. Mehrwertsteuer Keramisches Parkett CEDRO Format: 20\/180 Dicke: 10 mm Rektifiziert Keramische Eiche natur mit wenigen \u00c4sten, geeignet f\u00fcr Boden und Wand. Preis nur g\u00fcltig bei Selbstmontage, Abholung in Balen","og_url":"https:\/\/mertensvloeren.be\/de\/produkt\/keramik-parkett-cedro\/","og_site_name":"Mertens Vloeren","og_image":[{"width":2000,"height":1500,"url":"https:\/\/mertensvloeren.be\/wp-content\/uploads\/2023\/01\/CT9041BI4505_OTAWA20X160_OTAWA_SZ1.jpg-CEDRO-20.120-10.01.22.jpg","type":"image\/jpeg"}],"twitter_card":"summary_large_image","schema":{"@context":"https:\/\/schema.org","@graph":[{"@type":"WebPage","@id":"https:\/\/mertensvloeren.be\/de\/produkt\/keramik-parkett-cedro\/","url":"https:\/\/mertensvloeren.be\/de\/produkt\/keramik-parkett-cedro\/","name":"Keramisches Parkett Cedro - Mertens Vloeren","isPartOf":{"@id":"https:\/\/mertensvloeren.be\/de\/#website"},"primaryImageOfPage":{"@id":"https:\/\/mertensvloeren.be\/de\/produkt\/keramik-parkett-cedro\/#primaryimage"},"image":{"@id":"https:\/\/mertensvloeren.be\/de\/produkt\/keramik-parkett-cedro\/#primaryimage"},"thumbnailUrl":"https:\/\/mertensvloeren.be\/wp-content\/uploads\/2023\/01\/CT9041BI4505_OTAWA20X160_OTAWA_SZ1.jpg-CEDRO-20.120-10.01.22.jpg","datePublished":"2023-01-10T14:31:31+00:00","breadcrumb":{"@id":"https:\/\/mertensvloeren.be\/de\/produkt\/keramik-parkett-cedro\/#breadcrumb"},"inLanguage":"de","potentialAction":[{"@type":"ReadAction","target":["https:\/\/mertensvloeren.be\/de\/produkt\/keramik-parkett-cedro\/"]}]},{"@type":"ImageObject","inLanguage":"de","@id":"https:\/\/mertensvloeren.be\/de\/produkt\/keramik-parkett-cedro\/#primaryimage","url":"https:\/\/mertensvloeren.be\/wp-content\/uploads\/2023\/01\/CT9041BI4505_OTAWA20X160_OTAWA_SZ1.jpg-CEDRO-20.120-10.01.22.jpg","contentUrl":"https:\/\/mertensvloeren.be\/wp-content\/uploads\/2023\/01\/CT9041BI4505_OTAWA20X160_OTAWA_SZ1.jpg-CEDRO-20.120-10.01.22.jpg","width":2000,"height":1500},{"@type":"BreadcrumbList","@id":"https:\/\/mertensvloeren.be\/de\/produkt\/keramik-parkett-cedro\/#breadcrumb","itemListElement":[{"@type":"ListItem","position":1,"name":"Home","item":"https:\/\/mertensvloeren.be\/de\/"},{"@type":"ListItem","position":2,"name":"Shop","item":"https:\/\/mertensvloeren.be\/de\/shop\/"},{"@type":"ListItem","position":3,"name":"Keramisches Parkett Cedro"}]},{"@type":"WebSite","@id":"https:\/\/mertensvloeren.be\/de\/#website","url":"https:\/\/mertensvloeren.be\/de\/","name":"Mertens Vloeren","description":"","publisher":{"@id":"https:\/\/mertensvloeren.be\/de\/#organization"},"potentialAction":[{"@type":"SearchAction","target":{"@type":"EntryPoint","urlTemplate":"https:\/\/mertensvloeren.be\/de\/?s={search_term_string}"},"query-input":{"@type":"PropertyValueSpecification","valueRequired":true,"valueName":"search_term_string"}}],"inLanguage":"de"},{"@type":"Organization","@id":"https:\/\/mertensvloeren.be\/de\/#organization","name":"Mertens Vloeren","url":"https:\/\/mertensvloeren.be\/de\/","logo":{"@type":"ImageObject","inLanguage":"de","@id":"https:\/\/mertensvloeren.be\/de\/#\/schema\/logo\/image\/","url":"https:\/\/mertensvloeren.be\/wp-content\/uploads\/2022\/07\/Mertens-Vloeren-Logo.png","contentUrl":"https:\/\/mertensvloeren.be\/wp-content\/uploads\/2022\/07\/Mertens-Vloeren-Logo.png","width":800,"height":150,"caption":"Mertens Vloeren"},"image":{"@id":"https:\/\/mertensvloeren.be\/de\/#\/schema\/logo\/image\/"}}]}},"_links":{"self":[{"href":"https:\/\/mertensvloeren.be\/de\/wp-json\/wp\/v2\/product\/14939","targetHints":{"allow":["GET"]}}],"collection":[{"href":"https:\/\/mertensvloeren.be\/de\/wp-json\/wp\/v2\/product"}],"about":[{"href":"https:\/\/mertensvloeren.be\/de\/wp-json\/wp\/v2\/types\/product"}],"wp:featuredmedia":[{"embeddable":true,"href":"https:\/\/mertensvloeren.be\/de\/wp-json\/wp\/v2\/media\/14728"}],"wp:attachment":[{"href":"https:\/\/mertensvloeren.be\/de\/wp-json\/wp\/v2\/media?parent=14939"}],"wp:term":[{"taxonomy":"product_brand","embeddable":true,"href":"https:\/\/mertensvloeren.be\/de\/wp-json\/wp\/v2\/product_brand?post=14939"},{"taxonomy":"product_cat","embeddable":true,"href":"https:\/\/mertensvloeren.be\/de\/wp-json\/wp\/v2\/product_cat?post=14939"},{"taxonomy":"product_tag","embeddable":true,"href":"https:\/\/mertensvloeren.be\/de\/wp-json\/wp\/v2\/product_tag?post=14939"}],"curies":[{"name":"wp","href":"https:\/\/api.w.org\/{rel}","templated":true}]}}