{"id":15165,"date":"2023-01-11T15:08:50","date_gmt":"2023-01-11T14:08:50","guid":{"rendered":"http:\/\/mertensvloerenbe.webhosting.be\/product\/lithofin-aktivreiniger\/"},"modified":"2023-01-12T10:59:40","modified_gmt":"2023-01-12T09:59:40","slug":"lithofin-aktivreiniger","status":"publish","type":"product","link":"https:\/\/mertensvloeren.be\/de\/produkt\/lithofin-aktivreiniger\/","title":{"rendered":"Lithofin Aktivreiniger"},"content":{"rendered":"<div class=\"container\">\n<header class=\"header header--h2 text-left\">\n<h3 class=\"subheadline\">F\u00fcr die intensive Unterhaltsreinigung von Au\u00dfenfl\u00e4chen.<\/h3>\n<\/header>\n<\/div>\n<div class=\"container container--mobile margin-bottom--small\">\n<div class=\"productinfo\">\n<div class=\"productinfo__description\">Entfernt selbstt\u00e4tig allgemeine Verschmutzungen, Verf\u00e4rbungen und hartn\u00e4ckige Ablagerungen. Geeignet f\u00fcr Keramik- und Betonfliesen, Naturstein, Klinker und Gehwegplatten.<\/div>\n<\/div>\n<\/div>\n<p>&nbsp;<\/p>\n<div class=\"gridelement 2columncontainer container--mobile container\">\n<div class=\"row\">\n<div class=\"gridelement__column col-12 col-md-6 margin-bottom--medium\"><\/div>\n<div class=\"gridelement__column col-12 col-md-6 margin-bottom--medium\">\n<div class=\"textmedia__text\">\n<div class=\"h5\">Produkttyp: chlorhaltiger Reiniger<\/div>\n<ul>\n<li>nur f\u00fcr den Au\u00dfeneinsatz<\/li>\n<li>sehr aktiv<\/li>\n<li>selbstt\u00e4tig<\/li>\n<\/ul>\n<\/div>\n<\/div>\n<\/div>\n<\/div>\n<p>&nbsp;<\/p>\n<div class=\"gridelement 2columncontainer container--mobile container\">\n<div class=\"row\">\n<div class=\"gridelement__column col-12 col-md-6 margin-bottom--medium\">\n<div class=\"textmedia__text\">\n<table class=\"table--simple\">\n<tbody>\n<tr>\n<th>Verbrauch<\/th>\n<td>Keramikfliesen bis ca. 15m\u00b2\/Liter | Natur- und Betonstein bis ca. 5m\u00b2\/Liter<\/td>\n<\/tr>\n<tr>\n<th>Lagerung<\/th>\n<td>Geschlossen, aufrecht, k\u00fchl und dunkel. Nicht \u00fcber 20\u00b0C. Verbrauchen Sie das Produkt innerhalb von 6 Monaten.<\/td>\n<\/tr>\n<tr>\n<th>Verpackung<\/th>\n<td>2,5 L<\/td>\n<\/tr>\n<\/tbody>\n<\/table>\n<\/div>\n<\/div>\n<\/div>\n<\/div>\n","protected":false},"excerpt":{"rendered":"<div class=\"container\">\n<header class=\"header header--h2 text-left\">\n<h3 class=\"subheadline\">F\u00fcr die intensive Unterhaltsreinigung von Au\u00dfenfl\u00e4chen.<\/h3>\n<\/header>\n<\/div>\n<div class=\"container container--mobile margin-bottom--small\">\n<div class=\"productinfo\">\n<div class=\"productinfo__description\">Entfernt selbstt\u00e4tig allgemeine Verschmutzungen, Verf\u00e4rbungen und hartn\u00e4ckige Ablagerungen. Geeignet f\u00fcr Keramik- und Betonfliesen, Naturstein, Klinker und Gehwegplatten.<\/div>\n<\/div>\n<\/div>\n<p>&nbsp;<\/p>\n<div class=\"gridelement 2columncontainer container--mobile container\">\n<div class=\"row\">\n<div class=\"gridelement__column col-12 col-md-6 margin-bottom--medium\"><\/div>\n<div class=\"gridelement__column col-12 col-md-6 margin-bottom--medium\">\n<div class=\"textmedia__text\">\n<div class=\"h5\">Produkttyp: chlorhaltiger Reiniger<\/div>\n<ul>\n<li>nur f\u00fcr den Au\u00dfeneinsatz<\/li>\n<li>sehr aktiv<\/li>\n<li>selbstt\u00e4tig<\/li>\n<\/ul>\n<p>&nbsp;<\/p>\n<table class=\"table--simple\">\n<tbody>\n<tr>\n<th>Verbrauch<\/th>\n<td>Keramikfliesen bis ca. 15m\u00b2\/Liter | Natur- und Betonstein bis ca. 5m\u00b2\/Liter<\/td>\n<\/tr>\n<tr>\n<th>Lagerung<\/th>\n<td>Geschlossen, aufrecht, k\u00fchl und dunkel. Nicht \u00fcber 20\u00b0C. Verbrauchen Sie das Produkt innerhalb von 6 Monaten.<\/td>\n<\/tr>\n<tr>\n<th>Verpackung<\/th>\n<td>2,5 L<\/td>\n<\/tr>\n<\/tbody>\n<\/table>\n<\/div>\n<\/div>\n<\/div>\n<\/div>\n","protected":false},"featured_media":15007,"template":"","meta":[],"product_brand":[],"product_cat":[202],"product_tag":[],"class_list":{"0":"post-15165","1":"product","2":"type-product","3":"status-publish","4":"has-post-thumbnail","6":"product_cat-universal","8":"first","9":"instock","10":"shipping-taxable","11":"purchasable","12":"product-type-simple"},"yoast_head":"<!-- This site is optimized with the Yoast SEO plugin v27.4 - https:\/\/yoast.com\/product\/yoast-seo-wordpress\/ -->\n<title>Lithofin Aktivreiniger - Mertens Vloeren<\/title>\n<meta name=\"robots\" content=\"index, follow, max-snippet:-1, max-image-preview:large, max-video-preview:-1\" \/>\n<link rel=\"canonical\" href=\"https:\/\/mertensvloeren.be\/de\/produkt\/lithofin-aktivreiniger\/\" \/>\n<meta property=\"og:locale\" content=\"de_DE\" \/>\n<meta property=\"og:type\" content=\"article\" \/>\n<meta property=\"og:title\" content=\"Lithofin Aktivreiniger - Mertens Vloeren\" \/>\n<meta property=\"og:description\" content=\"F\u00fcr die intensive Unterhaltsreinigung von Au\u00dfenfl\u00e4chen.  Entfernt selbstt\u00e4tig allgemeine Verschmutzungen, Verf\u00e4rbungen und hartn\u00e4ckige Ablagerungen. Geeignet f\u00fcr Keramik- und Betonfliesen, Naturstein, Klinker und Gehwegplatten.  &nbsp;   Produkttyp: chlorhaltiger Reiniger  nur f\u00fcr den Au\u00dfeneinsatz  sehr aktiv  selbstt\u00e4tig &nbsp;  Verbrauch Keramikfliesen bis ca. 15m\u00b2\/Liter | Natur- und Betonstein bis ca. 5m\u00b2\/Liter  Lagerung Geschlossen, aufrecht, k\u00fchl und dunkel. Nicht \u00fcber 20\u00b0C. Verbrauchen Sie das Produkt innerhalb von 6 Monaten.  Verpackung 2,5 L\" \/>\n<meta property=\"og:url\" content=\"https:\/\/mertensvloeren.be\/de\/produkt\/lithofin-aktivreiniger\/\" \/>\n<meta property=\"og:site_name\" content=\"Mertens Vloeren\" \/>\n<meta property=\"article:modified_time\" content=\"2023-01-12T09:59:40+00:00\" \/>\n<meta property=\"og:image\" content=\"https:\/\/mertensvloeren.be\/wp-content\/uploads\/2023\/01\/Actiefreiniger.png\" \/>\n\t<meta property=\"og:image:width\" content=\"1192\" \/>\n\t<meta property=\"og:image:height\" content=\"744\" \/>\n\t<meta property=\"og:image:type\" content=\"image\/png\" \/>\n<meta name=\"twitter:card\" content=\"summary_large_image\" \/>\n<script type=\"application\/ld+json\" class=\"yoast-schema-graph\">{\"@context\":\"https:\\\/\\\/schema.org\",\"@graph\":[{\"@type\":\"WebPage\",\"@id\":\"https:\\\/\\\/mertensvloeren.be\\\/de\\\/produkt\\\/lithofin-aktivreiniger\\\/\",\"url\":\"https:\\\/\\\/mertensvloeren.be\\\/de\\\/produkt\\\/lithofin-aktivreiniger\\\/\",\"name\":\"Lithofin Aktivreiniger - Mertens Vloeren\",\"isPartOf\":{\"@id\":\"https:\\\/\\\/mertensvloeren.be\\\/de\\\/#website\"},\"primaryImageOfPage\":{\"@id\":\"https:\\\/\\\/mertensvloeren.be\\\/de\\\/produkt\\\/lithofin-aktivreiniger\\\/#primaryimage\"},\"image\":{\"@id\":\"https:\\\/\\\/mertensvloeren.be\\\/de\\\/produkt\\\/lithofin-aktivreiniger\\\/#primaryimage\"},\"thumbnailUrl\":\"https:\\\/\\\/mertensvloeren.be\\\/wp-content\\\/uploads\\\/2023\\\/01\\\/Actiefreiniger.png\",\"datePublished\":\"2023-01-11T14:08:50+00:00\",\"dateModified\":\"2023-01-12T09:59:40+00:00\",\"breadcrumb\":{\"@id\":\"https:\\\/\\\/mertensvloeren.be\\\/de\\\/produkt\\\/lithofin-aktivreiniger\\\/#breadcrumb\"},\"inLanguage\":\"de\",\"potentialAction\":[{\"@type\":\"ReadAction\",\"target\":[\"https:\\\/\\\/mertensvloeren.be\\\/de\\\/produkt\\\/lithofin-aktivreiniger\\\/\"]}]},{\"@type\":\"ImageObject\",\"inLanguage\":\"de\",\"@id\":\"https:\\\/\\\/mertensvloeren.be\\\/de\\\/produkt\\\/lithofin-aktivreiniger\\\/#primaryimage\",\"url\":\"https:\\\/\\\/mertensvloeren.be\\\/wp-content\\\/uploads\\\/2023\\\/01\\\/Actiefreiniger.png\",\"contentUrl\":\"https:\\\/\\\/mertensvloeren.be\\\/wp-content\\\/uploads\\\/2023\\\/01\\\/Actiefreiniger.png\",\"width\":1192,\"height\":744},{\"@type\":\"BreadcrumbList\",\"@id\":\"https:\\\/\\\/mertensvloeren.be\\\/de\\\/produkt\\\/lithofin-aktivreiniger\\\/#breadcrumb\",\"itemListElement\":[{\"@type\":\"ListItem\",\"position\":1,\"name\":\"Home\",\"item\":\"https:\\\/\\\/mertensvloeren.be\\\/de\\\/\"},{\"@type\":\"ListItem\",\"position\":2,\"name\":\"Shop\",\"item\":\"https:\\\/\\\/mertensvloeren.be\\\/de\\\/shop\\\/\"},{\"@type\":\"ListItem\",\"position\":3,\"name\":\"Lithofin Aktivreiniger\"}]},{\"@type\":\"WebSite\",\"@id\":\"https:\\\/\\\/mertensvloeren.be\\\/de\\\/#website\",\"url\":\"https:\\\/\\\/mertensvloeren.be\\\/de\\\/\",\"name\":\"Mertens Vloeren\",\"description\":\"\",\"publisher\":{\"@id\":\"https:\\\/\\\/mertensvloeren.be\\\/de\\\/#organization\"},\"potentialAction\":[{\"@type\":\"SearchAction\",\"target\":{\"@type\":\"EntryPoint\",\"urlTemplate\":\"https:\\\/\\\/mertensvloeren.be\\\/de\\\/?s={search_term_string}\"},\"query-input\":{\"@type\":\"PropertyValueSpecification\",\"valueRequired\":true,\"valueName\":\"search_term_string\"}}],\"inLanguage\":\"de\"},{\"@type\":\"Organization\",\"@id\":\"https:\\\/\\\/mertensvloeren.be\\\/de\\\/#organization\",\"name\":\"Mertens Vloeren\",\"url\":\"https:\\\/\\\/mertensvloeren.be\\\/de\\\/\",\"logo\":{\"@type\":\"ImageObject\",\"inLanguage\":\"de\",\"@id\":\"https:\\\/\\\/mertensvloeren.be\\\/de\\\/#\\\/schema\\\/logo\\\/image\\\/\",\"url\":\"https:\\\/\\\/mertensvloeren.be\\\/wp-content\\\/uploads\\\/2022\\\/07\\\/Mertens-Vloeren-Logo.png\",\"contentUrl\":\"https:\\\/\\\/mertensvloeren.be\\\/wp-content\\\/uploads\\\/2022\\\/07\\\/Mertens-Vloeren-Logo.png\",\"width\":800,\"height\":150,\"caption\":\"Mertens Vloeren\"},\"image\":{\"@id\":\"https:\\\/\\\/mertensvloeren.be\\\/de\\\/#\\\/schema\\\/logo\\\/image\\\/\"}}]}<\/script>\n<!-- \/ Yoast SEO plugin. -->","yoast_head_json":{"title":"Lithofin Aktivreiniger - Mertens Vloeren","robots":{"index":"index","follow":"follow","max-snippet":"max-snippet:-1","max-image-preview":"max-image-preview:large","max-video-preview":"max-video-preview:-1"},"canonical":"https:\/\/mertensvloeren.be\/de\/produkt\/lithofin-aktivreiniger\/","og_locale":"de_DE","og_type":"article","og_title":"Lithofin Aktivreiniger - Mertens Vloeren","og_description":"F\u00fcr die intensive Unterhaltsreinigung von Au\u00dfenfl\u00e4chen.  Entfernt selbstt\u00e4tig allgemeine Verschmutzungen, Verf\u00e4rbungen und hartn\u00e4ckige Ablagerungen. Geeignet f\u00fcr Keramik- und Betonfliesen, Naturstein, Klinker und Gehwegplatten.  &nbsp;   Produkttyp: chlorhaltiger Reiniger  nur f\u00fcr den Au\u00dfeneinsatz  sehr aktiv  selbstt\u00e4tig &nbsp;  Verbrauch Keramikfliesen bis ca. 15m\u00b2\/Liter | Natur- und Betonstein bis ca. 5m\u00b2\/Liter  Lagerung Geschlossen, aufrecht, k\u00fchl und dunkel. Nicht \u00fcber 20\u00b0C. Verbrauchen Sie das Produkt innerhalb von 6 Monaten.  Verpackung 2,5 L","og_url":"https:\/\/mertensvloeren.be\/de\/produkt\/lithofin-aktivreiniger\/","og_site_name":"Mertens Vloeren","article_modified_time":"2023-01-12T09:59:40+00:00","og_image":[{"width":1192,"height":744,"url":"https:\/\/mertensvloeren.be\/wp-content\/uploads\/2023\/01\/Actiefreiniger.png","type":"image\/png"}],"twitter_card":"summary_large_image","schema":{"@context":"https:\/\/schema.org","@graph":[{"@type":"WebPage","@id":"https:\/\/mertensvloeren.be\/de\/produkt\/lithofin-aktivreiniger\/","url":"https:\/\/mertensvloeren.be\/de\/produkt\/lithofin-aktivreiniger\/","name":"Lithofin Aktivreiniger - Mertens Vloeren","isPartOf":{"@id":"https:\/\/mertensvloeren.be\/de\/#website"},"primaryImageOfPage":{"@id":"https:\/\/mertensvloeren.be\/de\/produkt\/lithofin-aktivreiniger\/#primaryimage"},"image":{"@id":"https:\/\/mertensvloeren.be\/de\/produkt\/lithofin-aktivreiniger\/#primaryimage"},"thumbnailUrl":"https:\/\/mertensvloeren.be\/wp-content\/uploads\/2023\/01\/Actiefreiniger.png","datePublished":"2023-01-11T14:08:50+00:00","dateModified":"2023-01-12T09:59:40+00:00","breadcrumb":{"@id":"https:\/\/mertensvloeren.be\/de\/produkt\/lithofin-aktivreiniger\/#breadcrumb"},"inLanguage":"de","potentialAction":[{"@type":"ReadAction","target":["https:\/\/mertensvloeren.be\/de\/produkt\/lithofin-aktivreiniger\/"]}]},{"@type":"ImageObject","inLanguage":"de","@id":"https:\/\/mertensvloeren.be\/de\/produkt\/lithofin-aktivreiniger\/#primaryimage","url":"https:\/\/mertensvloeren.be\/wp-content\/uploads\/2023\/01\/Actiefreiniger.png","contentUrl":"https:\/\/mertensvloeren.be\/wp-content\/uploads\/2023\/01\/Actiefreiniger.png","width":1192,"height":744},{"@type":"BreadcrumbList","@id":"https:\/\/mertensvloeren.be\/de\/produkt\/lithofin-aktivreiniger\/#breadcrumb","itemListElement":[{"@type":"ListItem","position":1,"name":"Home","item":"https:\/\/mertensvloeren.be\/de\/"},{"@type":"ListItem","position":2,"name":"Shop","item":"https:\/\/mertensvloeren.be\/de\/shop\/"},{"@type":"ListItem","position":3,"name":"Lithofin Aktivreiniger"}]},{"@type":"WebSite","@id":"https:\/\/mertensvloeren.be\/de\/#website","url":"https:\/\/mertensvloeren.be\/de\/","name":"Mertens Vloeren","description":"","publisher":{"@id":"https:\/\/mertensvloeren.be\/de\/#organization"},"potentialAction":[{"@type":"SearchAction","target":{"@type":"EntryPoint","urlTemplate":"https:\/\/mertensvloeren.be\/de\/?s={search_term_string}"},"query-input":{"@type":"PropertyValueSpecification","valueRequired":true,"valueName":"search_term_string"}}],"inLanguage":"de"},{"@type":"Organization","@id":"https:\/\/mertensvloeren.be\/de\/#organization","name":"Mertens Vloeren","url":"https:\/\/mertensvloeren.be\/de\/","logo":{"@type":"ImageObject","inLanguage":"de","@id":"https:\/\/mertensvloeren.be\/de\/#\/schema\/logo\/image\/","url":"https:\/\/mertensvloeren.be\/wp-content\/uploads\/2022\/07\/Mertens-Vloeren-Logo.png","contentUrl":"https:\/\/mertensvloeren.be\/wp-content\/uploads\/2022\/07\/Mertens-Vloeren-Logo.png","width":800,"height":150,"caption":"Mertens Vloeren"},"image":{"@id":"https:\/\/mertensvloeren.be\/de\/#\/schema\/logo\/image\/"}}]}},"_links":{"self":[{"href":"https:\/\/mertensvloeren.be\/de\/wp-json\/wp\/v2\/product\/15165","targetHints":{"allow":["GET"]}}],"collection":[{"href":"https:\/\/mertensvloeren.be\/de\/wp-json\/wp\/v2\/product"}],"about":[{"href":"https:\/\/mertensvloeren.be\/de\/wp-json\/wp\/v2\/types\/product"}],"wp:featuredmedia":[{"embeddable":true,"href":"https:\/\/mertensvloeren.be\/de\/wp-json\/wp\/v2\/media\/15007"}],"wp:attachment":[{"href":"https:\/\/mertensvloeren.be\/de\/wp-json\/wp\/v2\/media?parent=15165"}],"wp:term":[{"taxonomy":"product_brand","embeddable":true,"href":"https:\/\/mertensvloeren.be\/de\/wp-json\/wp\/v2\/product_brand?post=15165"},{"taxonomy":"product_cat","embeddable":true,"href":"https:\/\/mertensvloeren.be\/de\/wp-json\/wp\/v2\/product_cat?post=15165"},{"taxonomy":"product_tag","embeddable":true,"href":"https:\/\/mertensvloeren.be\/de\/wp-json\/wp\/v2\/product_tag?post=15165"}],"curies":[{"name":"wp","href":"https:\/\/api.w.org\/{rel}","templated":true}]}}